{"id":9200,"date":"2024-11-20T10:00:10","date_gmt":"2024-11-20T09:00:10","guid":{"rendered":"https:\/\/lyc-poincare-palaiseau.ac-versailles.fr\/?page_id=9200"},"modified":"2024-11-20T10:05:08","modified_gmt":"2024-11-20T09:05:08","slug":"bourses-lycee","status":"publish","type":"page","link":"https:\/\/lyc-poincare-palaiseau.ac-versailles.fr\/?page_id=9200","title":{"rendered":"Bourses Lyc\u00e9e"},"content":{"rendered":"<p>Un simulateur est disponible via le lien suivant : <a href=\"https:\/\/calculateur-bourses.education.gouv.fr\/cabs\/api\/v1\/lycee\/simulateur.html\" target=\"_blank\" rel=\"noopener\">https:\/\/calculateur-bourses.education.gouv.fr\/cabs\/api\/v1\/lycee\/simulateur.html<\/a><\/p>\n<p><span style=\"color: #ff0000\"><strong>\u00a0\/!\\ Automatisation des bourses pour la rentr\u00e9e 2024-2025<\/strong><\/span><\/p>\n<p>La demande de bourse n\u2019est plus accord\u00e9e pour une p\u00e9riode de 3 ans.<\/p>\n<p>A partir de septembre 2024, la demande de bourse est annuelle sauf si vous donnez votre consentement \u00e0 l\u2019automatisation de l\u2019\u00e9tude du droit \u00e0 bourse. Ce consentement est \u00e0 donner au moment de la r\u00e9inscription ou de l\u2019inscription dans notre \u00e9tablissement.<\/p>\n<p>Pour cela, cochez sur la case de la fiche de renseignement \u00ab\u00a0j\u2019accepte l\u2019\u00e9tude automatique de mon droit \u00e0 bourse et je compl\u00e8te l\u2019informations ci-dessous\u00a0\u00bb.<\/p>\n<p>Ce consentement permettra la r\u00e9-\u00e9tude automatique du droit \u00e0 la bourse.<\/p>\n<p>Les informations n\u00e9cessaires sont\u00a0:<\/p>\n<ul>\n<li>Le consentement \u00e0 l\u2019\u00e9tude automatique du droit \u00e0 bourse<\/li>\n<li>Le renseignement des donn\u00e9es d\u2019\u00e9tat civil n\u00e9cessaires<\/li>\n<li>L\u2019indication si vous \u00eates en concubinage et \u00ab\u00a0je renseigne les donn\u00e9es d\u2019\u00e9tat civil de mon concubin ou ma concubine\u00a0\u00bb<\/li>\n<\/ul>\n<p>Pour plus d\u2019information\u00a0: <a href=\"https:\/\/www.education.gouv.fr\/les-bourses-de-college-et-de-lycee-326728\">https:\/\/www.education.gouv.fr\/les-bourses-de-college-et-de-lycee-326728<\/a><\/p>\n<p>Si vous ne donnez pas votre consentement \u00e0 l\u2019automatisation, la demande de bourse restera \u00e0 votre charge chaque ann\u00e9e via internet sur Educonnect. Cette ann\u00e9e la campagne aura lieu de d\u00e9but septembre jusqu\u2019au 17 octobre 2024 inclus. :\u00a0<a href=\"https:\/\/educonnect.education.gouv.fr\">https:\/\/educonnect.education.gouv.fr<\/a><\/p>\n<p>En dernier recours, vous avez la possibilit\u00e9 de faire une demande par dossier papier (formulaire CERFA) puis de la d\u00e9poser avec les justificatifs au service Intendance du lyc\u00e9e.<\/p>\n<p>Si la demande de bourse est accept\u00e9e, merci de nous fournir obligatoirement le RIB du repr\u00e9sentant l\u00e9gal et de veiller \u00e0 son actualisation en cas de changement de domiciliation bancaire.<\/p>\n<p>&nbsp;<\/p>\n<hr \/>\n<p><strong><img decoding=\"async\" class=\" wp-image-11967 alignleft\" src=\"https:\/\/lyc-vilgenis-massy.ac-versailles.fr\/wp-content\/uploads\/sites\/62\/2024\/06\/Crous.jpg\" alt=\"\" width=\"114\" height=\"114\" \/><\/strong><\/p>\n<p>&nbsp;<\/p>\n<p>&nbsp;<\/p>\n<h2><strong>CAMPAGNE DE BOURSE POST-BAC 2024-2025<\/strong><\/h2>\n<p>&nbsp;<\/p>\n<p>Enti\u00e8rement d\u00e9mat\u00e9rialis\u00e9, le dossier social \u00e9tudiant (DSE) se remplit en ligne sur le site\u00a0: <a href=\"http:\/\/Messervices.etudiant.gouv.fr\">Messervices.etudiant.gouv.fr<\/a><\/p>\n<p>C\u2019est une d\u00e9marche obligatoire pour pouvoir b\u00e9n\u00e9ficier d\u2019une bourse sur crit\u00e8re social ou d\u2019un logement Crous. Toutes les informations relatives au Dossier Social Etudiant (DSE) se trouvent aussi sur le site suivant\u00a0: \u00a0<a href=\"https:\/\/www.crous-versailles.fr\">https:\/\/www.crous-versailles.fr<\/a><\/p>\n<p>Il revient \u00e0 chaque \u00e9tudiant d\u2019effectuer sa demande sur le portail <a href=\"http:\/\/Messervices.etudiant.gouv.fr\">Messervices.etudiant.gouv.fr<\/a> puis \u00ab\u00a0demander une bourse\u00a0\u00bb.<\/p>\n<p>Lorsqu\u2019une bourse est attribu\u00e9e<strong>, la notification conditionnelle doit \u00eatre obligatoirement transmise au service intendance<\/strong> pour un paiement de la bourse par le CROUS.<\/p>\n<p><strong>En cas de difficult\u00e9\u00a0: <\/strong>une plateforme d\u2019assistance nationale\u00a0est mise \u00e0 votre disposition\u00a0:<\/p>\n<ul>\n<li><strong>Par t\u00e9l\u00e9phone : 09 72 59 65 00<\/strong><\/li>\n<li><strong>En ligne :\u00a0<\/strong><a href=\"https:\/\/www.crous-versailles.fr\/contacts\">https:\/\/www.crous-versailles.fr\/contacts<\/a><\/li>\n<li><strong>Sur place\u00a0:<\/strong> au 145 bis bd Reine, 78000 Versailles. Le lundi, mardi, jeudi et vendredi de 9h00 \u00e0 12h30. Ferm\u00e9 les autres jours<\/li>\n<\/ul>\n","protected":false},"excerpt":{"rendered":"<p>Un simulateur est disponible via le lien suivant : https:\/\/calculateur-bourses.education.gouv.fr\/cabs\/api\/v1\/lycee\/simulateur.html \u00a0\/!\\ Automatisation des bourses pour la rentr\u00e9e 2024-2025 La demande de bourse n\u2019est plus accord\u00e9e pour une p\u00e9riode de 3 ans. A partir de septembre 2024, la demande de bourse est annuelle sauf si vous donnez votre consentement \u00e0 l\u2019automatisation de l\u2019\u00e9tude du droit \u00e0 [&hellip;]<\/p>\n","protected":false},"author":836,"featured_media":0,"parent":0,"menu_order":0,"comment_status":"closed","ping_status":"closed","template":"","meta":{"footnotes":""},"class_list":["post-9200","page","type-page","status-publish","hentry"],"_links":{"self":[{"href":"https:\/\/lyc-poincare-palaiseau.ac-versailles.fr\/index.php?rest_route=\/wp\/v2\/pages\/9200","targetHints":{"allow":["GET"]}}],"collection":[{"href":"https:\/\/lyc-poincare-palaiseau.ac-versailles.fr\/index.php?rest_route=\/wp\/v2\/pages"}],"about":[{"href":"https:\/\/lyc-poincare-palaiseau.ac-versailles.fr\/index.php?rest_route=\/wp\/v2\/types\/page"}],"author":[{"embeddable":true,"href":"https:\/\/lyc-poincare-palaiseau.ac-versailles.fr\/index.php?rest_route=\/wp\/v2\/users\/836"}],"replies":[{"embeddable":true,"href":"https:\/\/lyc-poincare-palaiseau.ac-versailles.fr\/index.php?rest_route=%2Fwp%2Fv2%2Fcomments&post=9200"}],"version-history":[{"count":3,"href":"https:\/\/lyc-poincare-palaiseau.ac-versailles.fr\/index.php?rest_route=\/wp\/v2\/pages\/9200\/revisions"}],"predecessor-version":[{"id":9204,"href":"https:\/\/lyc-poincare-palaiseau.ac-versailles.fr\/index.php?rest_route=\/wp\/v2\/pages\/9200\/revisions\/9204"}],"wp:attachment":[{"href":"https:\/\/lyc-poincare-palaiseau.ac-versailles.fr\/index.php?rest_route=%2Fwp%2Fv2%2Fmedia&parent=9200"}],"curies":[{"name":"wp","href":"https:\/\/api.w.org\/{rel}","templated":true}]}}