{"id":8672,"date":"2023-06-28T09:04:57","date_gmt":"2023-06-28T07:04:57","guid":{"rendered":"http:\/\/www.lyc-poincare-palaiseau.ac-versailles.fr\/?page_id=8672"},"modified":"2023-06-28T10:02:05","modified_gmt":"2023-06-28T08:02:05","slug":"llce-anglais-monde-contemporain","status":"publish","type":"page","link":"https:\/\/lyc-poincare-palaiseau.ac-versailles.fr\/?page_id=8672","title":{"rendered":"LLCER &#8211; Anglais, monde contemporain"},"content":{"rendered":"<section class=\"av_textblock_section \"  itemscope=\"itemscope\" itemtype=\"https:\/\/schema.org\/CreativeWork\" ><div class='avia_textblock  '   itemprop=\"text\" ><p>L&rsquo;enseignement de sp\u00e9cialit\u00e9 Anglais, monde contemporain vise \u00e0 sensibiliser les \u00e9l\u00e8ves \u00e0 la diversit\u00e9 des soci\u00e9t\u00e9s et des cultures du monde anglophone. <span id=\"page40R_mcid17\" class=\"markedContent\"><span dir=\"ltr\" role=\"presentation\">L\u2019enseignement de sp\u00e9cialit\u00e9 se donne pour objectif d\u2019analyser quelques grands enjeux <\/span><span dir=\"ltr\" role=\"presentation\">soci\u00e9taux, \u00e9conomiques, politiques, g\u00e9opolitiques, culturels, scientifiques et techniques du <\/span><span dir=\"ltr\" role=\"presentation\">monde anglophone contemporain, en partant de questions actuelles et en les resituant dans <\/span><span dir=\"ltr\" role=\"presentation\">leur contexte historique afin de donner aux \u00e9l\u00e8ves les rep\u00e8res et les cl\u00e9s de compr\u00e9hension <\/span><span dir=\"ltr\" role=\"presentation\">indispensables.<\/span><\/span><\/p>\n<p><img fetchpriority=\"high\" decoding=\"async\" class=\"alignnone size-full wp-image-8677\" src=\"https:\/\/lyc-poincare-palaiseau.ac-versailles.fr\/wp-content\/uploads\/sites\/143\/2023\/06\/volume-horaire.jpg\" alt=\"\" width=\"863\" height=\"238\" srcset=\"https:\/\/lyc-poincare-palaiseau.ac-versailles.fr\/wp-content\/uploads\/sites\/143\/2023\/06\/volume-horaire.jpg 863w, https:\/\/lyc-poincare-palaiseau.ac-versailles.fr\/wp-content\/uploads\/sites\/143\/2023\/06\/volume-horaire-300x83.jpg 300w, https:\/\/lyc-poincare-palaiseau.ac-versailles.fr\/wp-content\/uploads\/sites\/143\/2023\/06\/volume-horaire-768x212.jpg 768w, https:\/\/lyc-poincare-palaiseau.ac-versailles.fr\/wp-content\/uploads\/sites\/143\/2023\/06\/volume-horaire-705x194.jpg 705w, https:\/\/lyc-poincare-palaiseau.ac-versailles.fr\/wp-content\/uploads\/sites\/143\/2023\/06\/volume-horaire-450x124.jpg 450w\" sizes=\"(max-width: 863px) 100vw, 863px\" \/><\/p>\n<p>Eduscol : <a href=\"https:\/\/eduscol.education.fr\/2221\/presenter-le-lycee-general-et-technologique-ressources-et-outils-d-information\" target=\"_blank\" rel=\"noopener\">Pr\u00e9sentation Lyc\u00e9e 2023<\/a><\/p>\n<p>Onisep : <a href=\"https:\/\/www.onisep.fr\/Choisir-mes-etudes\/au-lycee-au-cfa\/Au-lycee-general-et-technologique\/les-enseignements-de-specialite-en-voie-generale\" target=\"_blank\" rel=\"noopener\">Les enseignements de sp\u00e9cialit\u00e9 en voie g\u00e9n\u00e9rale<\/a><\/p>\n<\/div><\/section>\n","protected":false},"excerpt":{"rendered":"","protected":false},"author":836,"featured_media":0,"parent":0,"menu_order":0,"comment_status":"closed","ping_status":"closed","template":"","meta":{"footnotes":""},"class_list":["post-8672","page","type-page","status-publish","hentry"],"_links":{"self":[{"href":"https:\/\/lyc-poincare-palaiseau.ac-versailles.fr\/index.php?rest_route=\/wp\/v2\/pages\/8672","targetHints":{"allow":["GET"]}}],"collection":[{"href":"https:\/\/lyc-poincare-palaiseau.ac-versailles.fr\/index.php?rest_route=\/wp\/v2\/pages"}],"about":[{"href":"https:\/\/lyc-poincare-palaiseau.ac-versailles.fr\/index.php?rest_route=\/wp\/v2\/types\/page"}],"author":[{"embeddable":true,"href":"https:\/\/lyc-poincare-palaiseau.ac-versailles.fr\/index.php?rest_route=\/wp\/v2\/users\/836"}],"replies":[{"embeddable":true,"href":"https:\/\/lyc-poincare-palaiseau.ac-versailles.fr\/index.php?rest_route=%2Fwp%2Fv2%2Fcomments&post=8672"}],"version-history":[{"count":5,"href":"https:\/\/lyc-poincare-palaiseau.ac-versailles.fr\/index.php?rest_route=\/wp\/v2\/pages\/8672\/revisions"}],"predecessor-version":[{"id":8675,"href":"https:\/\/lyc-poincare-palaiseau.ac-versailles.fr\/index.php?rest_route=\/wp\/v2\/pages\/8672\/revisions\/8675"}],"wp:attachment":[{"href":"https:\/\/lyc-poincare-palaiseau.ac-versailles.fr\/index.php?rest_route=%2Fwp%2Fv2%2Fmedia&parent=8672"}],"curies":[{"name":"wp","href":"https:\/\/api.w.org\/{rel}","templated":true}]}}