{"id":6047,"date":"2019-01-21T10:46:59","date_gmt":"2019-01-21T09:46:59","guid":{"rendered":"http:\/\/www.lyc-poincare-palaiseau.ac-versailles.fr\/?page_id=6047"},"modified":"2023-09-20T17:16:08","modified_gmt":"2023-09-20T15:16:08","slug":"sciences-economiques-et-sociales","status":"publish","type":"page","link":"https:\/\/lyc-poincare-palaiseau.ac-versailles.fr\/?page_id=6047","title":{"rendered":"Sciences Economiques et Sociales"},"content":{"rendered":"<section class=\"av_textblock_section \"  itemscope=\"itemscope\" itemtype=\"https:\/\/schema.org\/CreativeWork\" ><div class='avia_textblock  '   itemprop=\"text\" ><p>L&rsquo;enseignement de sp\u00e9cialit\u00e9 Sciences \u00e9conomiques et sociales renforce et approfondit la ma\u00eetrise par les lyc\u00e9ens des concepts, m\u00e9thodes et probl\u00e9matiques essentiels de la science \u00e9conomique, de la sociologie et de la science politique. Il \u00e9claire les grands enjeux \u00e9conomiques, sociaux et politiques des soci\u00e9t\u00e9s contemporaines. En renfor\u00e7ant les approches micro\u00e9conomiques n\u00e9cessaires pour comprendre les fondamentaux de l&rsquo;\u00e9conomie et en proposant une approche pluridisciplinaire qui s&rsquo;appuie notamment sur les sciences sociales, cet enseignement contribue \u00e0 l&rsquo;am\u00e9lioration de la culture \u00e9conomique et sociologique des lyc\u00e9ens.<\/p>\n<p>Eduscol : <a href=\"https:\/\/eduscol.education.fr\/2221\/presenter-le-lycee-general-et-technologique-ressources-et-outils-d-information\" target=\"_blank\" rel=\"noopener\">Pr\u00e9sentation Lyc\u00e9e 2023<\/a><\/p>\n<p>Onisep : <a href=\"https:\/\/www.onisep.fr\/Choisir-mes-etudes\/au-lycee-au-cfa\/Au-lycee-general-et-technologique\/les-enseignements-de-specialite-en-voie-generale\" target=\"_blank\" rel=\"noopener\">Les enseignements de sp\u00e9cialit\u00e9 en voie g\u00e9n\u00e9rale<\/a><\/p>\n<table>\n<thead>\n<tr>\n<th>Enseignements de SES<\/th>\n<th>Horaire \u00e9l\u00e8ve<\/th>\n<\/tr>\n<\/thead>\n<tbody>\n<tr>\n<td>Seconde &#8211; enseignement commun<\/td>\n<td>1h30<\/td>\n<\/tr>\n<tr>\n<td>Premi\u00e8re g\u00e9n\u00e9rale &#8211; enseignement de sp\u00e9cialit\u00e9<\/td>\n<td>4h<\/td>\n<\/tr>\n<tr>\n<td>Terminale g\u00e9n\u00e9rale &#8211; enseignement de sp\u00e9cialit\u00e9<\/td>\n<td>6h<\/td>\n<\/tr>\n<\/tbody>\n<\/table>\n<\/div><\/section>\n","protected":false},"excerpt":{"rendered":"","protected":false},"author":836,"featured_media":0,"parent":0,"menu_order":0,"comment_status":"closed","ping_status":"closed","template":"","meta":{"footnotes":""},"class_list":["post-6047","page","type-page","status-publish","hentry"],"_links":{"self":[{"href":"https:\/\/lyc-poincare-palaiseau.ac-versailles.fr\/index.php?rest_route=\/wp\/v2\/pages\/6047","targetHints":{"allow":["GET"]}}],"collection":[{"href":"https:\/\/lyc-poincare-palaiseau.ac-versailles.fr\/index.php?rest_route=\/wp\/v2\/pages"}],"about":[{"href":"https:\/\/lyc-poincare-palaiseau.ac-versailles.fr\/index.php?rest_route=\/wp\/v2\/types\/page"}],"author":[{"embeddable":true,"href":"https:\/\/lyc-poincare-palaiseau.ac-versailles.fr\/index.php?rest_route=\/wp\/v2\/users\/836"}],"replies":[{"embeddable":true,"href":"https:\/\/lyc-poincare-palaiseau.ac-versailles.fr\/index.php?rest_route=%2Fwp%2Fv2%2Fcomments&post=6047"}],"version-history":[{"count":3,"href":"https:\/\/lyc-poincare-palaiseau.ac-versailles.fr\/index.php?rest_route=\/wp\/v2\/pages\/6047\/revisions"}],"predecessor-version":[{"id":8748,"href":"https:\/\/lyc-poincare-palaiseau.ac-versailles.fr\/index.php?rest_route=\/wp\/v2\/pages\/6047\/revisions\/8748"}],"wp:attachment":[{"href":"https:\/\/lyc-poincare-palaiseau.ac-versailles.fr\/index.php?rest_route=%2Fwp%2Fv2%2Fmedia&parent=6047"}],"curies":[{"name":"wp","href":"https:\/\/api.w.org\/{rel}","templated":true}]}}