{"id":6045,"date":"2019-01-21T10:46:03","date_gmt":"2019-01-21T09:46:03","guid":{"rendered":"http:\/\/www.lyc-poincare-palaiseau.ac-versailles.fr\/?page_id=6045"},"modified":"2023-09-20T17:13:41","modified_gmt":"2023-09-20T15:13:41","slug":"sciences-de-la-vie-et-de-la-terre","status":"publish","type":"page","link":"https:\/\/lyc-poincare-palaiseau.ac-versailles.fr\/?page_id=6045","title":{"rendered":"Sciences de la Vie et de la Terre"},"content":{"rendered":"<section class=\"av_textblock_section \"  itemscope=\"itemscope\" itemtype=\"https:\/\/schema.org\/CreativeWork\" ><div class='avia_textblock  '   itemprop=\"text\" ><p>L&rsquo;enseignement de sp\u00e9cialit\u00e9 \u00ab Sciences de la vie et de la Terre \u00bb propose aux lyc\u00e9ens d&rsquo;approfondir des notions en lien avec les th\u00e8mes suivant : \u00ab La Terre, la vie et l&rsquo;\u00e9volution du vivant \u00bb, \u00ab Enjeux plan\u00e9taires contemporains \u00bb et \u00ab Corps humain et sant\u00e9 \u00bb. Le programme d\u00e9veloppe chez le lyc\u00e9en des comp\u00e9tences fondamentales telles que l&rsquo;observation, l&rsquo;exp\u00e9rimentation, la mod\u00e9lisation, l&rsquo;analyse, l&rsquo;argumentation, etc., indispensables \u00e0 la poursuite d&rsquo;\u00e9tude dans l&rsquo;enseignement sup\u00e9rieur. Cette sp\u00e9cialit\u00e9 aborde des champs scientifiques majeurs en sciences du vivant comme en g\u00e9osciences : organisation du vivant, biodiversit\u00e9, \u00e9volution, fonctionnement des \u00e9cosyst\u00e8mes et \u00e9cologie g\u00e9n\u00e9rale, fonctionnement et histoire de la plan\u00e8te Terre, etc. Elle propose \u00e9galement \u00e0 l&rsquo;\u00e9l\u00e8ve une compr\u00e9hension solide du fonctionnement de son organisme, m\u00ealant une acquisition des concepts scientifiques avec une approche r\u00e9fl\u00e9chie des enjeux de sant\u00e9 personnelle et publique et une r\u00e9flexion \u00e9thique et civique sur l\u2019environnement et sur les b\u00e9n\u00e9fices que l\u2019\u00eatre humain peut en tirer. La sp\u00e9cialit\u00e9 Sciences de la vie et de la Terre s&rsquo;appuie sur des connaissances de physique-chimie, math\u00e9matiques et informatiques acquises lors des pr\u00e9c\u00e9dentes ann\u00e9es et les remobilise dans des contextes o\u00f9 l&rsquo;\u00e9l\u00e8ve en d\u00e9couvre d&rsquo;autres applications.<\/p>\n<p>Eduscol : <a href=\"https:\/\/eduscol.education.fr\/2221\/presenter-le-lycee-general-et-technologique-ressources-et-outils-d-information\" target=\"_blank\" rel=\"noopener\">Pr\u00e9sentation Lyc\u00e9e 2023<\/a><\/p>\n<p>Onisep : <a href=\"https:\/\/www.onisep.fr\/Choisir-mes-etudes\/au-lycee-au-cfa\/Au-lycee-general-et-technologique\/les-enseignements-de-specialite-en-voie-generale\" target=\"_blank\" rel=\"noopener\">Les enseignements de sp\u00e9cialit\u00e9 en voie g\u00e9n\u00e9rale<\/a><\/p>\n<table>\n<thead>\n<tr>\n<th>Enseignements de SVT<\/th>\n<th>Horaire \u00e9l\u00e8ve<\/th>\n<\/tr>\n<\/thead>\n<tbody>\n<tr>\n<td>Seconde &#8211; enseignement commun<\/td>\n<td>1h30<\/td>\n<\/tr>\n<tr>\n<td>Premi\u00e8re g\u00e9n\u00e9rale &#8211; enseignement de sp\u00e9cialit\u00e9<\/td>\n<td>4h<\/td>\n<\/tr>\n<tr>\n<td>Terminale g\u00e9n\u00e9rale &#8211; enseignement de sp\u00e9cialit\u00e9<\/td>\n<td>6h<\/td>\n<\/tr>\n<\/tbody>\n<\/table>\n<\/div><\/section>\n","protected":false},"excerpt":{"rendered":"","protected":false},"author":836,"featured_media":0,"parent":0,"menu_order":0,"comment_status":"closed","ping_status":"closed","template":"","meta":{"footnotes":""},"class_list":["post-6045","page","type-page","status-publish","hentry"],"_links":{"self":[{"href":"https:\/\/lyc-poincare-palaiseau.ac-versailles.fr\/index.php?rest_route=\/wp\/v2\/pages\/6045","targetHints":{"allow":["GET"]}}],"collection":[{"href":"https:\/\/lyc-poincare-palaiseau.ac-versailles.fr\/index.php?rest_route=\/wp\/v2\/pages"}],"about":[{"href":"https:\/\/lyc-poincare-palaiseau.ac-versailles.fr\/index.php?rest_route=\/wp\/v2\/types\/page"}],"author":[{"embeddable":true,"href":"https:\/\/lyc-poincare-palaiseau.ac-versailles.fr\/index.php?rest_route=\/wp\/v2\/users\/836"}],"replies":[{"embeddable":true,"href":"https:\/\/lyc-poincare-palaiseau.ac-versailles.fr\/index.php?rest_route=%2Fwp%2Fv2%2Fcomments&post=6045"}],"version-history":[{"count":3,"href":"https:\/\/lyc-poincare-palaiseau.ac-versailles.fr\/index.php?rest_route=\/wp\/v2\/pages\/6045\/revisions"}],"predecessor-version":[{"id":8746,"href":"https:\/\/lyc-poincare-palaiseau.ac-versailles.fr\/index.php?rest_route=\/wp\/v2\/pages\/6045\/revisions\/8746"}],"wp:attachment":[{"href":"https:\/\/lyc-poincare-palaiseau.ac-versailles.fr\/index.php?rest_route=%2Fwp%2Fv2%2Fmedia&parent=6045"}],"curies":[{"name":"wp","href":"https:\/\/api.w.org\/{rel}","templated":true}]}}