{"id":6043,"date":"2019-01-21T10:45:27","date_gmt":"2019-01-21T09:45:27","guid":{"rendered":"http:\/\/www.lyc-poincare-palaiseau.ac-versailles.fr\/?page_id=6043"},"modified":"2023-09-20T17:06:44","modified_gmt":"2023-09-20T15:06:44","slug":"physique-chimie","status":"publish","type":"page","link":"https:\/\/lyc-poincare-palaiseau.ac-versailles.fr\/?page_id=6043","title":{"rendered":"Physique-Chimie"},"content":{"rendered":"<section class=\"av_textblock_section \"  itemscope=\"itemscope\" itemtype=\"https:\/\/schema.org\/CreativeWork\" ><div class='avia_textblock  '   itemprop=\"text\" ><p>L&rsquo;enseignement de sp\u00e9cialit\u00e9 de Physique-chimie propose aux lyc\u00e9ens d&rsquo;explorer le r\u00e9el, du microscopique au macroscopique, en \u00e9tudiant l&rsquo;\u00ab organisation et les transformations de la mati\u00e8re \u00bb, le \u00ab mouvement et les interactions \u00bb, \u00ab les conversions et transferts d&rsquo;\u00e9nergie \u00bb et \u00ab les ondes et signaux \u00bb. Cet enseignement promeut une alliance \u00e9quilibr\u00e9e entre deux aspects fondateurs de la discipline : l&rsquo;exp\u00e9rimentation et la mod\u00e9lisation, qui conduisent conjointement \u00e0 la formulation math\u00e9matique de lois physiques valid\u00e9es. Les nombreux domaines d&rsquo;applications tant de la vie courante que li\u00e9s aux grands enjeux soci\u00e9taux (\u00e9nergie, environnement) donnent \u00e0 l&rsquo;\u00e9l\u00e8ve une image concr\u00e8te, vivante et actuelle de la physique et de la chimie.<\/p>\n<p>Eduscol : <a href=\"https:\/\/eduscol.education.fr\/2221\/presenter-le-lycee-general-et-technologique-ressources-et-outils-d-information\" target=\"_blank\" rel=\"noopener\">Pr\u00e9sentation Lyc\u00e9e 2023<\/a><\/p>\n<p>Onisep : <a href=\"https:\/\/www.onisep.fr\/Choisir-mes-etudes\/au-lycee-au-cfa\/Au-lycee-general-et-technologique\/les-enseignements-de-specialite-en-voie-generale\" target=\"_blank\" rel=\"noopener\">Les enseignements de sp\u00e9cialit\u00e9 en voie g\u00e9n\u00e9rale<\/a><\/p>\n<table>\n<thead>\n<tr>\n<th>Enseignements de physique-chimie<\/th>\n<th>Horaire \u00e9l\u00e8ve<\/th>\n<\/tr>\n<\/thead>\n<tbody>\n<tr>\n<td>Seconde &#8211; enseignement commun<\/td>\n<td>3h<\/td>\n<\/tr>\n<tr>\n<td>Premi\u00e8re g\u00e9n\u00e9rale &#8211; enseignement de sp\u00e9cialit\u00e9<\/td>\n<td>4h<\/td>\n<\/tr>\n<tr>\n<td>Terminale g\u00e9n\u00e9rale &#8211; enseignement de sp\u00e9cialit\u00e9<\/td>\n<td>6h<\/td>\n<\/tr>\n<\/tbody>\n<\/table>\n<\/div><\/section>\n","protected":false},"excerpt":{"rendered":"","protected":false},"author":836,"featured_media":0,"parent":0,"menu_order":0,"comment_status":"closed","ping_status":"closed","template":"","meta":{"footnotes":""},"class_list":["post-6043","page","type-page","status-publish","hentry"],"_links":{"self":[{"href":"https:\/\/lyc-poincare-palaiseau.ac-versailles.fr\/index.php?rest_route=\/wp\/v2\/pages\/6043","targetHints":{"allow":["GET"]}}],"collection":[{"href":"https:\/\/lyc-poincare-palaiseau.ac-versailles.fr\/index.php?rest_route=\/wp\/v2\/pages"}],"about":[{"href":"https:\/\/lyc-poincare-palaiseau.ac-versailles.fr\/index.php?rest_route=\/wp\/v2\/types\/page"}],"author":[{"embeddable":true,"href":"https:\/\/lyc-poincare-palaiseau.ac-versailles.fr\/index.php?rest_route=\/wp\/v2\/users\/836"}],"replies":[{"embeddable":true,"href":"https:\/\/lyc-poincare-palaiseau.ac-versailles.fr\/index.php?rest_route=%2Fwp%2Fv2%2Fcomments&post=6043"}],"version-history":[{"count":3,"href":"https:\/\/lyc-poincare-palaiseau.ac-versailles.fr\/index.php?rest_route=\/wp\/v2\/pages\/6043\/revisions"}],"predecessor-version":[{"id":8744,"href":"https:\/\/lyc-poincare-palaiseau.ac-versailles.fr\/index.php?rest_route=\/wp\/v2\/pages\/6043\/revisions\/8744"}],"wp:attachment":[{"href":"https:\/\/lyc-poincare-palaiseau.ac-versailles.fr\/index.php?rest_route=%2Fwp%2Fv2%2Fmedia&parent=6043"}],"curies":[{"name":"wp","href":"https:\/\/api.w.org\/{rel}","templated":true}]}}