{"id":6035,"date":"2019-01-21T10:34:20","date_gmt":"2019-01-21T09:34:20","guid":{"rendered":"http:\/\/www.lyc-poincare-palaiseau.ac-versailles.fr\/?page_id=6035"},"modified":"2023-09-20T16:58:05","modified_gmt":"2023-09-20T14:58:05","slug":"histoire-geographie-geopolitique-et-sciences-politiques","status":"publish","type":"page","link":"https:\/\/lyc-poincare-palaiseau.ac-versailles.fr\/?page_id=6035","title":{"rendered":"Histoire-G\u00e9ographie, G\u00e9opolitique et Sciences Politiques"},"content":{"rendered":"<section class=\"av_textblock_section \"  itemscope=\"itemscope\" itemtype=\"https:\/\/schema.org\/CreativeWork\" ><div class='avia_textblock  '   itemprop=\"text\" ><p>La sp\u00e9cialit\u00e9 Histoire-g\u00e9ographie, g\u00e9opolitique et sciences politiques propose des cl\u00e9s de compr\u00e9hension du monde contemporain par l&rsquo;\u00e9tude de diff\u00e9rents enjeux politiques, sociaux et \u00e9conomiques majeurs. Chaque th\u00e8me du programme est l&rsquo;occasion d&rsquo;une observation du monde actuel, mais \u00e9galement d&rsquo;un approfondissement historique et g\u00e9ographique permettant de mesurer les influences et les \u00e9volutions d&rsquo;une question politique. L&rsquo;analyse, adoss\u00e9e \u00e0 une r\u00e9flexion sur les relations internationales, d\u00e9veloppe le sens critique des lyc\u00e9ens, ainsi que leur ma\u00eetrise des m\u00e9thodes et de connaissances approfondies dans diff\u00e9rentes disciplines ici conjugu\u00e9es.<\/p>\n<p>Eduscol : <a href=\"https:\/\/eduscol.education.fr\/2221\/presenter-le-lycee-general-et-technologique-ressources-et-outils-d-information\" target=\"_blank\" rel=\"noopener\">Pr\u00e9sentation Lyc\u00e9e 2023<\/a><\/p>\n<p>Onisep : <a href=\"https:\/\/www.onisep.fr\/Choisir-mes-etudes\/au-lycee-au-cfa\/Au-lycee-general-et-technologique\/les-enseignements-de-specialite-en-voie-generale\" target=\"_blank\" rel=\"noopener\">Les enseignements de sp\u00e9cialit\u00e9 en voie g\u00e9n\u00e9rale<\/a><\/p>\n<table>\n<thead>\n<tr>\n<th>Sp\u00e9cialit\u00e9 histoire-g\u00e9ographie, g\u00e9opolitique et sciences politiques<\/th>\n<th>Horaire \u00e9l\u00e8ve<\/th>\n<\/tr>\n<\/thead>\n<tbody>\n<tr>\n<td>Premi\u00e8re g\u00e9n\u00e9rale<\/td>\n<td>4h<\/td>\n<\/tr>\n<tr>\n<td>Terminale g\u00e9n\u00e9rale<\/td>\n<td>6h<\/td>\n<\/tr>\n<\/tbody>\n<\/table>\n<\/div><\/section>\n","protected":false},"excerpt":{"rendered":"","protected":false},"author":836,"featured_media":0,"parent":0,"menu_order":0,"comment_status":"closed","ping_status":"closed","template":"","meta":{"footnotes":""},"class_list":["post-6035","page","type-page","status-publish","hentry"],"_links":{"self":[{"href":"https:\/\/lyc-poincare-palaiseau.ac-versailles.fr\/index.php?rest_route=\/wp\/v2\/pages\/6035","targetHints":{"allow":["GET"]}}],"collection":[{"href":"https:\/\/lyc-poincare-palaiseau.ac-versailles.fr\/index.php?rest_route=\/wp\/v2\/pages"}],"about":[{"href":"https:\/\/lyc-poincare-palaiseau.ac-versailles.fr\/index.php?rest_route=\/wp\/v2\/types\/page"}],"author":[{"embeddable":true,"href":"https:\/\/lyc-poincare-palaiseau.ac-versailles.fr\/index.php?rest_route=\/wp\/v2\/users\/836"}],"replies":[{"embeddable":true,"href":"https:\/\/lyc-poincare-palaiseau.ac-versailles.fr\/index.php?rest_route=%2Fwp%2Fv2%2Fcomments&post=6035"}],"version-history":[{"count":4,"href":"https:\/\/lyc-poincare-palaiseau.ac-versailles.fr\/index.php?rest_route=\/wp\/v2\/pages\/6035\/revisions"}],"predecessor-version":[{"id":8737,"href":"https:\/\/lyc-poincare-palaiseau.ac-versailles.fr\/index.php?rest_route=\/wp\/v2\/pages\/6035\/revisions\/8737"}],"wp:attachment":[{"href":"https:\/\/lyc-poincare-palaiseau.ac-versailles.fr\/index.php?rest_route=%2Fwp%2Fv2%2Fmedia&parent=6035"}],"curies":[{"name":"wp","href":"https:\/\/api.w.org\/{rel}","templated":true}]}}