{"id":558,"date":"2017-01-29T19:38:47","date_gmt":"2017-01-29T18:38:47","guid":{"rendered":"http:\/\/www.lyc-poincare-palaiseau.ac-versailles.fr\/?page_id=558"},"modified":"2025-10-09T14:22:08","modified_gmt":"2025-10-09T12:22:08","slug":"informations","status":"publish","type":"page","link":"https:\/\/lyc-poincare-palaiseau.ac-versailles.fr\/?page_id=558","title":{"rendered":"Infirmerie et PsyEN"},"content":{"rendered":"<section class=\"av_textblock_section \"  itemscope=\"itemscope\" itemtype=\"https:\/\/schema.org\/CreativeWork\" ><div class='avia_textblock  '   itemprop=\"text\" ><div class=\"art-box art-post\">\n<div class=\"art-box-body art-post-body\">\n<div class=\"art-post-inner\">\n<div class=\"art-postcontent\">\n<div class=\"category-desc\">\n<h4>Psychologue de l&rsquo;Education Nationale (nouvelle appellation des Conseillers d&rsquo;Orientation-Psychologue)<\/h4>\n<\/div>\n<\/div>\n<\/div>\n<\/div>\n<\/div>\n<div class=\"items-leading\">\n<div class=\"leading-0\">\n<div class=\"art-box art-post\">\n<div class=\"art-box-body art-post-body\">\n<div class=\"art-post-inner\">\n<div class=\"art-postcontent\">\n<div class=\"art-article\">\n<h4>Madame Sol\u00e8ne Guionneau pr\u00e9sente au Lyc\u00e9e Henri Poincar\u00e9 :<\/h4>\n<ul>\n<li>\n<p class=\"western\" align=\"justify\"><span style=\"font-size: large\">Le lundi apr\u00e8s-midi et le jeudi apr\u00e8s-midi<\/span><\/p>\n<\/li>\n<\/ul>\n<ul>\n<li>\n<p class=\"western\" align=\"justify\"><span style=\"font-size: large\">Au Centre et d\u2019Information et d\u2019Orientation (CIO) de MASSY\u00a0: <\/span><span style=\"color: #c00000\"><span style=\"font-size: large\"><span style=\"color: #000000\">le mardi matin et vendredi toute la journ\u00e9e<\/span><\/span><\/span><\/p>\n<h4>La prise de rendez-vous s&rsquo;effectue aupr\u00e8s de la Vie scolaire<\/h4>\n<\/li>\n<\/ul>\n<\/div>\n<\/div>\n<div><\/div>\n<\/div>\n<\/div>\n<\/div>\n<\/div>\n<\/div>\n<div class=\"items-row cols-1 row-0\">\n<div class=\"item column-1\">\n<div class=\"art-box art-post\">\n<div class=\"art-box-body art-post-body\">\n<div class=\"art-post-inner\">\n<h3 class=\"art-postheader\"><\/h3>\n<h3><\/h3>\n<h3 class=\"art-postheader\"><span class=\"art-postheadericon\">Assistante sociale &#8211;\u00a0<\/span><span class=\"art-postheadericon\">Horaires<\/span><\/h3>\n<div class=\"art-postcontent\">\n<div class=\"art-article\">\n<p>B\u00e9n\u00e9dicte Chevroton<\/p>\n<table border=\"1\" cellspacing=\"0\" cellpadding=\"0\">\n<tbody>\n<tr>\n<td valign=\"top\" width=\"217\">\n<p align=\"center\">Lundi<\/p>\n<\/td>\n<td valign=\"top\" width=\"217\">\n<p align=\"center\">8h45<\/p>\n<\/td>\n<td valign=\"top\" width=\"217\">\n<p style=\"text-align: center\">16h45<\/p>\n<\/td>\n<\/tr>\n<tr>\n<td valign=\"top\" width=\"217\">\n<p align=\"center\">Mardi<\/p>\n<\/td>\n<td valign=\"top\" width=\"217\"><\/td>\n<td valign=\"top\" width=\"217\"><\/td>\n<\/tr>\n<tr>\n<td valign=\"top\" width=\"217\">\n<p align=\"center\">Mercredi<\/p>\n<\/td>\n<td valign=\"top\" width=\"217\"><\/td>\n<td valign=\"top\" width=\"217\"><\/td>\n<\/tr>\n<tr>\n<td valign=\"top\" width=\"217\">\n<p align=\"center\">Jeudi<\/p>\n<\/td>\n<td valign=\"top\" width=\"217\">\n<p align=\"center\">8h45<\/p>\n<\/td>\n<td style=\"text-align: center\" valign=\"top\" width=\"217\">16h45<\/td>\n<\/tr>\n<tr>\n<td valign=\"top\" width=\"217\">\n<p align=\"center\">Vendredi<\/p>\n<\/td>\n<td style=\"text-align: center\" valign=\"top\" width=\"217\">8h45<\/td>\n<td style=\"text-align: center\" valign=\"top\" width=\"217\">16h<\/td>\n<\/tr>\n<\/tbody>\n<\/table>\n<\/div>\n<\/div>\n<div class=\"cleared\"><\/div>\n<\/div>\n<div class=\"cleared\"><\/div>\n<\/div>\n<\/div>\n<\/div>\n<\/div>\n<div class=\"items-row cols-1 row-1\">\n<div class=\"item column-1\">\n<div class=\"art-box art-post\">\n<div class=\"art-box-body art-post-body\">\n<div class=\"art-post-inner\">\n<h3 class=\"art-postheader\"><\/h3>\n<h3 class=\"art-postheader\"><span class=\"art-postheadericon\">Infirmerie &#8211; Horaires<\/span><\/h3>\n<div class=\"art-postcontent\">\n<div class=\"art-article\">\n<p>H\u00e9l\u00e8ne Jub\u00e9<\/p>\n<table border=\"1\" cellspacing=\"0\" cellpadding=\"0\">\n<tbody>\n<tr>\n<td valign=\"top\" width=\"217\">\n<p align=\"center\">Lundi<\/p>\n<\/td>\n<td valign=\"top\" width=\"435\">\n<p align=\"center\">8h-17h<\/p>\n<\/td>\n<\/tr>\n<tr>\n<td valign=\"top\" width=\"217\">\n<p align=\"center\">Mardi<\/p>\n<\/td>\n<td valign=\"top\" width=\"435\">\n<p align=\"center\">8h-17h<\/p>\n<\/td>\n<\/tr>\n<tr>\n<td valign=\"top\" width=\"217\">\n<p align=\"center\">Mercredi<\/p>\n<\/td>\n<td style=\"text-align: center\" valign=\"top\" width=\"435\">\n<h4><\/h4>\n<\/td>\n<\/tr>\n<tr>\n<td valign=\"top\" width=\"217\">\n<p align=\"center\">Jeudi<\/p>\n<\/td>\n<td valign=\"top\" width=\"435\">\n<p align=\"center\">8h-17h<\/p>\n<\/td>\n<\/tr>\n<tr>\n<td valign=\"top\" width=\"217\">\n<p align=\"center\">Vendredi<\/p>\n<\/td>\n<td valign=\"top\" width=\"435\">\n<p align=\"center\">8h-16h<\/p>\n<\/td>\n<\/tr>\n<\/tbody>\n<\/table>\n<\/div>\n<\/div>\n<\/div>\n<\/div>\n<\/div>\n<\/div>\n<\/div>\n<\/div><\/section>\n","protected":false},"excerpt":{"rendered":"","protected":false},"author":836,"featured_media":0,"parent":0,"menu_order":0,"comment_status":"closed","ping_status":"closed","template":"","meta":{"footnotes":""},"class_list":["post-558","page","type-page","status-publish","hentry"],"_links":{"self":[{"href":"https:\/\/lyc-poincare-palaiseau.ac-versailles.fr\/index.php?rest_route=\/wp\/v2\/pages\/558","targetHints":{"allow":["GET"]}}],"collection":[{"href":"https:\/\/lyc-poincare-palaiseau.ac-versailles.fr\/index.php?rest_route=\/wp\/v2\/pages"}],"about":[{"href":"https:\/\/lyc-poincare-palaiseau.ac-versailles.fr\/index.php?rest_route=\/wp\/v2\/types\/page"}],"author":[{"embeddable":true,"href":"https:\/\/lyc-poincare-palaiseau.ac-versailles.fr\/index.php?rest_route=\/wp\/v2\/users\/836"}],"replies":[{"embeddable":true,"href":"https:\/\/lyc-poincare-palaiseau.ac-versailles.fr\/index.php?rest_route=%2Fwp%2Fv2%2Fcomments&post=558"}],"version-history":[{"count":10,"href":"https:\/\/lyc-poincare-palaiseau.ac-versailles.fr\/index.php?rest_route=\/wp\/v2\/pages\/558\/revisions"}],"predecessor-version":[{"id":9657,"href":"https:\/\/lyc-poincare-palaiseau.ac-versailles.fr\/index.php?rest_route=\/wp\/v2\/pages\/558\/revisions\/9657"}],"wp:attachment":[{"href":"https:\/\/lyc-poincare-palaiseau.ac-versailles.fr\/index.php?rest_route=%2Fwp%2Fv2%2Fmedia&parent=558"}],"curies":[{"name":"wp","href":"https:\/\/api.w.org\/{rel}","templated":true}]}}