{"id":4690,"date":"2018-02-01T15:10:43","date_gmt":"2018-02-01T14:10:43","guid":{"rendered":"http:\/\/www.lyc-poincare-palaiseau.ac-versailles.fr\/?page_id=4690"},"modified":"2024-10-14T14:28:28","modified_gmt":"2024-10-14T12:28:28","slug":"parents-deleves","status":"publish","type":"page","link":"https:\/\/lyc-poincare-palaiseau.ac-versailles.fr\/?page_id=4690","title":{"rendered":"Acc\u00e8s ENT et SAV PC Portables"},"content":{"rendered":"<section class=\"av_textblock_section \"  itemscope=\"itemscope\" itemtype=\"https:\/\/schema.org\/CreativeWork\" ><div class='avia_textblock  '   itemprop=\"text\" ><p>Pour se connecter \u00e0 monlycee.net (ENT) :<\/p>\n<p><img fetchpriority=\"high\" decoding=\"async\" class=\"alignnone size-full wp-image-4740\" src=\"https:\/\/lyc-poincare-palaiseau.ac-versailles.fr\/wp-content\/uploads\/sites\/143\/2018\/02\/site-copie-lien-vers-lENT.png\" alt=\"\" width=\"850\" height=\"409\" srcset=\"https:\/\/lyc-poincare-palaiseau.ac-versailles.fr\/wp-content\/uploads\/sites\/143\/2018\/02\/site-copie-lien-vers-lENT.png 850w, https:\/\/lyc-poincare-palaiseau.ac-versailles.fr\/wp-content\/uploads\/sites\/143\/2018\/02\/site-copie-lien-vers-lENT-300x144.png 300w, https:\/\/lyc-poincare-palaiseau.ac-versailles.fr\/wp-content\/uploads\/sites\/143\/2018\/02\/site-copie-lien-vers-lENT-768x370.png 768w, https:\/\/lyc-poincare-palaiseau.ac-versailles.fr\/wp-content\/uploads\/sites\/143\/2018\/02\/site-copie-lien-vers-lENT-705x339.png 705w, https:\/\/lyc-poincare-palaiseau.ac-versailles.fr\/wp-content\/uploads\/sites\/143\/2018\/02\/site-copie-lien-vers-lENT-450x217.png 450w\" sizes=\"(max-width: 850px) 100vw, 850px\" \/><\/p>\n<\/div><\/section>\n<div  class='hr hr-default  '><span class='hr-inner ' ><span class='hr-inner-style'><\/span><\/span><\/div>\n<section class=\"av_textblock_section \"  itemscope=\"itemscope\" itemtype=\"https:\/\/schema.org\/CreativeWork\" ><div class='avia_textblock  '   itemprop=\"text\" ><p class=\"wysiwyg-text-align-justify\"><span style=\"color: #ff0000\"><strong>Que faire en cas de probl\u00e8me avec son PC Y13 ?<\/strong><\/span><\/p>\n<p class=\"wysiwyg-text-align-justify\"><span class=\"wysiwyg-color-blue\"><strong>Etape 1<\/strong><\/span> : Contact avec le support chat Unowhy<\/p>\n<p class=\"wysiwyg-text-align-justify\">En cas de probl\u00e8me avec votre PC Y13, contactez le support chat \u00e0 l&rsquo;adresse mail suivante : <a href=\"https:\/\/iledefrance-unowhy.com\/assistance\/\">https:\/\/iledefrance-unowhy.com\/assistance\/<\/a><\/p>\n<p class=\"wysiwyg-text-align-justify\"><strong><span class=\"wysiwyg-color-blue\">Etape 2<\/span><\/strong> : R\u00e9ception du kit SAV<\/p>\n<p class=\"wysiwyg-text-align-justify\">Si votre PC ne peut \u00eatre r\u00e9par\u00e9 \u00e0 distance, vous recevrez un bordereau sur votre mail Monlyc\u00e9e.net ainsi qu&rsquo;une enveloppe de retour. Selon votre choix, cette enveloppe sera envoy\u00e9e \u00e0 votre domicile, \u00e0 votre\u00a0 \u00e9tablissement scolaire, en bureau de Poste, ou en point Relais Colissimo.<\/p>\n<p class=\"wysiwyg-text-align-justify\"><span class=\"wysiwyg-color-blue\"><strong>Etape 3<\/strong> <\/span>: D\u00e9p\u00f4t du Colis<\/p>\n<p class=\"wysiwyg-text-align-justify\">D\u00e9posez ensuite votre colis dans un bureau de Poste ou en point Relais Colissimo pour qu\u2019il soit pris en charge.<\/p>\n<p class=\"wysiwyg-text-align-justify\"><span class=\"wysiwyg-color-blue\"><strong>Etape 4<\/strong><\/span> : R\u00e9paration ou \u00c9change<\/p>\n<p class=\"wysiwyg-text-align-justify\">Votre PC sera r\u00e9par\u00e9 ou \u00e9chang\u00e9 puis renvoy\u00e9 en \u00e9tablissement scolaire, en bureau de Poste, ou en point Relais Colissimo.<\/p>\n<\/div><\/section>\n<div style='height:50px' class='hr hr-invisible  '><span class='hr-inner ' ><span class='hr-inner-style'><\/span><\/span><\/div>\n","protected":false},"excerpt":{"rendered":"","protected":false},"author":836,"featured_media":0,"parent":4938,"menu_order":0,"comment_status":"closed","ping_status":"closed","template":"","meta":{"footnotes":""},"class_list":["post-4690","page","type-page","status-publish","hentry"],"_links":{"self":[{"href":"https:\/\/lyc-poincare-palaiseau.ac-versailles.fr\/index.php?rest_route=\/wp\/v2\/pages\/4690","targetHints":{"allow":["GET"]}}],"collection":[{"href":"https:\/\/lyc-poincare-palaiseau.ac-versailles.fr\/index.php?rest_route=\/wp\/v2\/pages"}],"about":[{"href":"https:\/\/lyc-poincare-palaiseau.ac-versailles.fr\/index.php?rest_route=\/wp\/v2\/types\/page"}],"author":[{"embeddable":true,"href":"https:\/\/lyc-poincare-palaiseau.ac-versailles.fr\/index.php?rest_route=\/wp\/v2\/users\/836"}],"replies":[{"embeddable":true,"href":"https:\/\/lyc-poincare-palaiseau.ac-versailles.fr\/index.php?rest_route=%2Fwp%2Fv2%2Fcomments&post=4690"}],"version-history":[{"count":10,"href":"https:\/\/lyc-poincare-palaiseau.ac-versailles.fr\/index.php?rest_route=\/wp\/v2\/pages\/4690\/revisions"}],"predecessor-version":[{"id":9187,"href":"https:\/\/lyc-poincare-palaiseau.ac-versailles.fr\/index.php?rest_route=\/wp\/v2\/pages\/4690\/revisions\/9187"}],"up":[{"embeddable":true,"href":"https:\/\/lyc-poincare-palaiseau.ac-versailles.fr\/index.php?rest_route=\/wp\/v2\/pages\/4938"}],"wp:attachment":[{"href":"https:\/\/lyc-poincare-palaiseau.ac-versailles.fr\/index.php?rest_route=%2Fwp%2Fv2%2Fmedia&parent=4690"}],"curies":[{"name":"wp","href":"https:\/\/api.w.org\/{rel}","templated":true}]}}