{"id":3475,"date":"2017-03-27T11:13:28","date_gmt":"2017-03-27T09:13:28","guid":{"rendered":"http:\/\/www.lyc-poincare-palaiseau.ac-versailles.fr\/?page_id=3475"},"modified":"2023-09-21T17:15:00","modified_gmt":"2023-09-21T15:15:00","slug":"cvl-mdl","status":"publish","type":"page","link":"https:\/\/lyc-poincare-palaiseau.ac-versailles.fr\/?page_id=3475","title":{"rendered":"CVL \/ MDL"},"content":{"rendered":"<div class='avia-image-container  av-styling-  noHover  av-overlay-on-hover   avia-align-left '  itemscope=\"itemscope\" itemtype=\"https:\/\/schema.org\/ImageObject\"  ><div class='avia-image-container-inner'><a href='https:\/\/www.instagram.com\/cvlhenripoincare\/?hl=fr' class='avia_image'   target=\"_blank\" ><div class='av-image-caption-overlay'><div class='av-caption-image-overlay-bg' style='opacity:0.4; background-color:#000000; '><\/div><div class='av-image-caption-overlay-position'><div class='av-image-caption-overlay-center' style='color:#ffffff; '><p>Compte instagram du CVL<\/p>\n<\/div><\/div><\/div><img class='avia_image ' src='https:\/\/lyc-poincare-palaiseau.ac-versailles.fr\/wp-content\/uploads\/sites\/143\/2023\/09\/insta-CVL.png' alt='' title='insta CVL'  itemprop=\"thumbnailUrl\"  \/><\/a><\/div><\/div>\n<div style='height:50px' class='hr hr-invisible  '><span class='hr-inner ' ><span class='hr-inner-style'><\/span><\/span><\/div>\n<section class=\"av_textblock_section \"  itemscope=\"itemscope\" itemtype=\"https:\/\/schema.org\/CreativeWork\" ><div class='avia_textblock  '   itemprop=\"text\" ><h3>Le Conseil de vie Lyc\u00e9enne<\/h3>\n<p>Le CVL est\u00a0 le lieu o\u00f9 les lyc\u00e9ens sont associ\u00e9s aux d\u00e9cisions de l&rsquo;\u00e9tablissement.<\/p>\n<p>Les \u00e9lus y repr\u00e9sentent les \u00e9l\u00e8ves de leur \u00e9tablissement.<\/p>\n<h3>Membres du CVL<\/h3>\n<p>10 lyc\u00e9ens \u00e9lus pour deux ans<\/p>\n<p>5 enseignants ou personnels d&rsquo;\u00e9ducation<\/p>\n<p>3 personnels administratifs et ATOSS<\/p>\n<p>2 repr\u00e9sentants des parents d&rsquo;\u00e9l\u00e8ves<\/p>\n<p>Le chef d&rsquo;\u00e9tablissement pr\u00e9side cette instance. Les adultes ne participent pas aux votes.<\/p>\n<h3>Vice-pr\u00e9sidence lyc\u00e9enne du CVL<\/h3>\n<p>Les \u00e9l\u00e8ves du CVL \u00e9lisent un repr\u00e9sentant au conseil d&rsquo;administration. Le titulaire pr\u00e9sente les avis et propositions du CVL au conseil d&rsquo;administration Il assure les fonctions de vice-pr\u00e9sident du CVL.<\/p>\n<h3><\/h3>\n<h3>Maison des Lyc\u00e9ens<\/h3>\n<p>La MDL d\u00e9veloppe et soutient des projets sportifs, culturels, humanitaires ou li\u00e9s \u00e0 la citoyennet\u00e9. Le Conseil des d\u00e9l\u00e9gu\u00e9s pour la vie lyc\u00e9enne (CVL) travaille avec elle, pour l&rsquo;aider \u00e0 r\u00e9aliser ses projets et \u00e0 les faire conna\u00eetre.<\/p>\n<p>Pour financer ses projets, la MDL peut organiser des activit\u00e9s pour r\u00e9colter des fonds : f\u00eate de fin d&rsquo;ann\u00e9e, gestion d&rsquo;une caf\u00e9t\u00e9ria, expositions, etc. Elle assure aussi la promotion des moyens d&rsquo;expression des lyc\u00e9ens : droits d&rsquo;association, de r\u00e9union, de publication, etc.<\/p>\n<\/div><\/section>\n","protected":false},"excerpt":{"rendered":"","protected":false},"author":836,"featured_media":0,"parent":0,"menu_order":0,"comment_status":"closed","ping_status":"closed","template":"","meta":{"footnotes":""},"class_list":["post-3475","page","type-page","status-publish","hentry"],"_links":{"self":[{"href":"https:\/\/lyc-poincare-palaiseau.ac-versailles.fr\/index.php?rest_route=\/wp\/v2\/pages\/3475","targetHints":{"allow":["GET"]}}],"collection":[{"href":"https:\/\/lyc-poincare-palaiseau.ac-versailles.fr\/index.php?rest_route=\/wp\/v2\/pages"}],"about":[{"href":"https:\/\/lyc-poincare-palaiseau.ac-versailles.fr\/index.php?rest_route=\/wp\/v2\/types\/page"}],"author":[{"embeddable":true,"href":"https:\/\/lyc-poincare-palaiseau.ac-versailles.fr\/index.php?rest_route=\/wp\/v2\/users\/836"}],"replies":[{"embeddable":true,"href":"https:\/\/lyc-poincare-palaiseau.ac-versailles.fr\/index.php?rest_route=%2Fwp%2Fv2%2Fcomments&post=3475"}],"version-history":[{"count":10,"href":"https:\/\/lyc-poincare-palaiseau.ac-versailles.fr\/index.php?rest_route=\/wp\/v2\/pages\/3475\/revisions"}],"predecessor-version":[{"id":8768,"href":"https:\/\/lyc-poincare-palaiseau.ac-versailles.fr\/index.php?rest_route=\/wp\/v2\/pages\/3475\/revisions\/8768"}],"wp:attachment":[{"href":"https:\/\/lyc-poincare-palaiseau.ac-versailles.fr\/index.php?rest_route=%2Fwp%2Fv2%2Fmedia&parent=3475"}],"curies":[{"name":"wp","href":"https:\/\/api.w.org\/{rel}","templated":true}]}}