{"id":292,"date":"2017-01-27T18:56:25","date_gmt":"2017-01-27T17:56:25","guid":{"rendered":"http:\/\/www.lyc-poincare-palaiseau.ac-versailles.fr\/?page_id=292"},"modified":"2025-12-05T11:19:35","modified_gmt":"2025-12-05T10:19:35","slug":"localisation","status":"publish","type":"page","link":"https:\/\/lyc-poincare-palaiseau.ac-versailles.fr\/?page_id=292","title":{"rendered":"Localisation"},"content":{"rendered":"<div id=\"art-main\">\n<div class=\"cleared reset-box\">\n<h2>Lyc\u00e9e Henri Poincar\u00e9 &#8211; 36 rue L\u00e9on Bourgeois &#8211; Palaiseau<\/h2>\n<\/div>\n<div class=\"art-box art-sheet\">\n<div class=\"art-box-body art-sheet-body\">\n<div class=\"art-layout-wrapper\">\n<div class=\"art-content-layout\">\n<div class=\"art-content-layout-row\">\n<div class=\"art-layout-cell art-content\">\n<div class=\"blog\">\n<div class=\"items-row cols-1 row-0\">\n<div class=\"item column-1\">\n<div class=\"art-box art-post\">\n<div class=\"art-box-body art-post-body\">\n<div class=\"art-post-inner\">\n<h3 class=\"art-postheader\"><span class=\"art-postheadericon\">\u00a0<\/span><\/h3>\n<h3 class=\"art-postheader\"><span class=\"art-postheadericon\">RER- <\/span><span class=\"art-postheadericon\">Station PALAISEAU VILLEBON<\/span><\/h3>\n<div class=\"art-postcontent\">\n<div class=\"art-article\">\n<p>La station PALAISEAU VILLEBON est situ\u00e9e sur la ligne B du RER en zone 4<\/p>\n<p>Descendre la rue LAZARE-HOCHE face \u00e0 la sortie de la gare.<\/p>\n<div class=\"art-article\">\n<p>Au carrefour, prendre la rue L\u00c9ON-BOURGEOIS, la 2e sur votre droite.<\/p>\n<\/div>\n<p><a href=\"https:\/\/lyc-poincare-palaiseau.ac-versailles.fr\/wp-content\/uploads\/sites\/143\/2017\/09\/rer_b.pdf\" target=\"_blank\" rel=\"noopener\">Ligne B du RER<\/a><\/p>\n<p><a href=\"https:\/\/www.ratp.fr\/\" target=\"_blank\" rel=\"noopener\">RATP.fr<\/a><\/p>\n<\/div>\n<div class=\"art-article\"><a href=\"http:\/\/www.ratp.fr\/plan-interactif\/\" target=\"_blank\" rel=\"noopener\">Plan Interactif<\/a><\/div>\n<div><\/div>\n<div><a href=\"https:\/\/www.vianavigo.com\/accueil\" target=\"_blank\" rel=\"noopener\">Vianavigo<\/a><\/div>\n<div><\/div>\n<div>(tout mes d\u00e9placements en \u00eele de france)<\/div>\n<\/div>\n<\/div>\n<\/div>\n<\/div>\n<\/div>\n<\/div>\n<div><\/div>\n<div class=\"items-row cols-1 row-1\">\n<div class=\"item column-1\">\n<div class=\"art-box art-post\">\n<div class=\"art-box-body art-post-body\">\n<div class=\"art-post-inner\">\n<h3>\u00a0<span class=\"art-postheadericon\">BUS\u00a0TRANSDEV\u00a0<\/span><\/h3>\n<h3 class=\"art-postheader\"><span class=\"art-postheadericon\"> Ligne 14 &#8211;\u00a0Fresnel Vauve &#8211;\u00a0<\/span><span class=\"art-postheadericon\"> Gare de \u00a0Massy Palaiseau<\/span><\/h3>\n<p>descendre \u00e0 la station de Bus Palaiseau-Villebon RER G\u00e9n\u00e9ral Leclerc.<\/p>\n<p><img decoding=\"async\" class=\"alignnone wp-image-8443\" src=\"https:\/\/lyc-poincare-palaiseau.ac-versailles.fr\/wp-content\/uploads\/sites\/143\/2022\/12\/handicap-759184_960_720.png\" alt=\"\" width=\"25\" height=\"25\" srcset=\"https:\/\/lyc-poincare-palaiseau.ac-versailles.fr\/wp-content\/uploads\/sites\/143\/2022\/12\/handicap-759184_960_720.png 720w, https:\/\/lyc-poincare-palaiseau.ac-versailles.fr\/wp-content\/uploads\/sites\/143\/2022\/12\/handicap-759184_960_720-300x300.png 300w, https:\/\/lyc-poincare-palaiseau.ac-versailles.fr\/wp-content\/uploads\/sites\/143\/2022\/12\/handicap-759184_960_720-80x80.png 80w, https:\/\/lyc-poincare-palaiseau.ac-versailles.fr\/wp-content\/uploads\/sites\/143\/2022\/12\/handicap-759184_960_720-36x36.png 36w, https:\/\/lyc-poincare-palaiseau.ac-versailles.fr\/wp-content\/uploads\/sites\/143\/2022\/12\/handicap-759184_960_720-180x180.png 180w, https:\/\/lyc-poincare-palaiseau.ac-versailles.fr\/wp-content\/uploads\/sites\/143\/2022\/12\/handicap-759184_960_720-705x705.png 705w, https:\/\/lyc-poincare-palaiseau.ac-versailles.fr\/wp-content\/uploads\/sites\/143\/2022\/12\/handicap-759184_960_720-120x120.png 120w, https:\/\/lyc-poincare-palaiseau.ac-versailles.fr\/wp-content\/uploads\/sites\/143\/2022\/12\/handicap-759184_960_720-450x450.png 450w\" sizes=\"(max-width: 25px) 100vw, 25px\" \/>\u00a0\u00a0 Le Lyc\u00e9e est accessible aux personnes \u00e0 mobilit\u00e9 r\u00e9duite<\/p>\n<p><img fetchpriority=\"high\" decoding=\"async\" class=\"alignnone size-full wp-image-8438\" src=\"https:\/\/lyc-poincare-palaiseau.ac-versailles.fr\/wp-content\/uploads\/sites\/143\/2022\/11\/Acces-gare-rer.jpg\" alt=\"\" width=\"377\" height=\"390\" srcset=\"https:\/\/lyc-poincare-palaiseau.ac-versailles.fr\/wp-content\/uploads\/sites\/143\/2022\/11\/Acces-gare-rer.jpg 377w, https:\/\/lyc-poincare-palaiseau.ac-versailles.fr\/wp-content\/uploads\/sites\/143\/2022\/11\/Acces-gare-rer-290x300.jpg 290w, https:\/\/lyc-poincare-palaiseau.ac-versailles.fr\/wp-content\/uploads\/sites\/143\/2022\/11\/Acces-gare-rer-36x36.jpg 36w\" sizes=\"(max-width: 377px) 100vw, 377px\" \/><\/p>\n<p>&nbsp;<\/p>\n<div class=\"art-postcontent\">\n<div class=\"art-article\">\n<p>&nbsp;<\/p>\n<p>&nbsp;<\/p>\n<\/div>\n<\/div>\n<\/div>\n<\/div>\n<\/div>\n<\/div>\n<\/div>\n<\/div>\n<\/div>\n<\/div>\n<\/div>\n<\/div>\n<\/div>\n<\/div>\n<\/div>\n","protected":false},"excerpt":{"rendered":"<p>Lyc\u00e9e Henri Poincar\u00e9 &#8211; 36 rue L\u00e9on Bourgeois &#8211; Palaiseau \u00a0 RER- Station PALAISEAU VILLEBON La station PALAISEAU VILLEBON est situ\u00e9e sur la ligne B du RER en zone 4 Descendre la rue LAZARE-HOCHE face \u00e0 la sortie de la gare. Au carrefour, prendre la rue L\u00c9ON-BOURGEOIS, la 2e sur votre droite. Ligne B du [&hellip;]<\/p>\n","protected":false},"author":836,"featured_media":0,"parent":0,"menu_order":0,"comment_status":"closed","ping_status":"closed","template":"","meta":{"footnotes":""},"class_list":["post-292","page","type-page","status-publish","hentry"],"_links":{"self":[{"href":"https:\/\/lyc-poincare-palaiseau.ac-versailles.fr\/index.php?rest_route=\/wp\/v2\/pages\/292","targetHints":{"allow":["GET"]}}],"collection":[{"href":"https:\/\/lyc-poincare-palaiseau.ac-versailles.fr\/index.php?rest_route=\/wp\/v2\/pages"}],"about":[{"href":"https:\/\/lyc-poincare-palaiseau.ac-versailles.fr\/index.php?rest_route=\/wp\/v2\/types\/page"}],"author":[{"embeddable":true,"href":"https:\/\/lyc-poincare-palaiseau.ac-versailles.fr\/index.php?rest_route=\/wp\/v2\/users\/836"}],"replies":[{"embeddable":true,"href":"https:\/\/lyc-poincare-palaiseau.ac-versailles.fr\/index.php?rest_route=%2Fwp%2Fv2%2Fcomments&post=292"}],"version-history":[{"count":10,"href":"https:\/\/lyc-poincare-palaiseau.ac-versailles.fr\/index.php?rest_route=\/wp\/v2\/pages\/292\/revisions"}],"predecessor-version":[{"id":8442,"href":"https:\/\/lyc-poincare-palaiseau.ac-versailles.fr\/index.php?rest_route=\/wp\/v2\/pages\/292\/revisions\/8442"}],"wp:attachment":[{"href":"https:\/\/lyc-poincare-palaiseau.ac-versailles.fr\/index.php?rest_route=%2Fwp%2Fv2%2Fmedia&parent=292"}],"curies":[{"name":"wp","href":"https:\/\/api.w.org\/{rel}","templated":true}]}}