{"id":194,"date":"2017-01-27T16:00:16","date_gmt":"2017-01-27T15:00:16","guid":{"rendered":"http:\/\/www.lyc-poincare-palaiseau.ac-versailles.fr\/?page_id=194"},"modified":"2020-05-26T10:57:18","modified_gmt":"2020-05-26T08:57:18","slug":"employe-de-commerce-multi-specialites-ecms","status":"publish","type":"page","link":"https:\/\/lyc-poincare-palaiseau.ac-versailles.fr\/?page_id=194","title":{"rendered":"CAP \u00c9quipier Polyvalent du Commerce EPC"},"content":{"rendered":"<section class=\"av_textblock_section \"  itemscope=\"itemscope\" itemtype=\"https:\/\/schema.org\/CreativeWork\" ><div class='avia_textblock  '   itemprop=\"text\" ><h2 style=\"text-align: left\">Certificat d&rsquo;Aptitude Professionnel. \u00c9quipier Polyvalent du Commerce &#8211; (Anciennement CAP &#8211; ECMS)<\/h2>\n<\/div><\/section>\n<div style='height:50px' class='hr hr-invisible  '><span class='hr-inner ' ><span class='hr-inner-style'><\/span><\/span><\/div>\n<div class='avia-image-container  av-styling-    avia-align-center '  itemscope=\"itemscope\" itemtype=\"https:\/\/schema.org\/ImageObject\"  ><div class='avia-image-container-inner'><img class='avia_image ' src='https:\/\/lyc-poincare-palaiseau.ac-versailles.fr\/wp-content\/uploads\/sites\/143\/2020\/05\/CAP.jpg' alt='' title='CAP'   itemprop=\"thumbnailUrl\"  \/><\/div><\/div>\n<section class=\"av_textblock_section \"  itemscope=\"itemscope\" itemtype=\"https:\/\/schema.org\/CreativeWork\" ><div class='avia_textblock  '   itemprop=\"text\" ><h3><\/h3>\n<h3>Origine des \u00e9l\u00e8ves<\/h3>\n<p>Les \u00e9l\u00e8ves viennent de<br \/>\n<span dir=\"auto\">Section d&rsquo;enseignement g\u00e9n\u00e9ral et professionnel adapt\u00e9<\/span> &#8211; SEGPA<br \/>\nCycle d&rsquo;Insertion Professionnel par Alternance &#8211; CIPPA<br \/>\n3\u00e8me d&rsquo;insertion<\/p>\n<h3>La formation<\/h3>\n<div class=\"WordSection1\">\n<p>La formation, dispens\u00e9e sur 2 ans, est compos\u00e9e<\/p>\n<p><strong>D\u2019un enseignement g\u00e9n\u00e9ral<br \/>\n<\/strong>Fran\u00e7ais<br \/>\nHistoire g\u00e9ographie<br \/>\nLangue vivante<br \/>\nMath\u00e9matiques Sciences<br \/>\nEPS<\/p>\n<p><strong>D\u2019un enseignement professionnel<br \/>\n<\/strong>Connaissance de l\u2019environnement \u00e9conomique, juridique et social des activit\u00e9s professionnelles<br \/>\nR\u00e9ception, tenue des r\u00e9serves<br \/>\nApprovisionnement des rayons<br \/>\nInformation des clients<br \/>\nTenue de caisse<\/p>\n<p><strong>Les P\u00e9riodes de Formationen Milieu Professionnel &#8211; PFMP<\/strong><br \/>\n16 semaines de formation \u00a0en milieu professionnel ( PFMP ) dont<br \/>\n8 semaines en seconde<br \/>\n8 semaines en terminale<\/p>\n<h3>Le dipl\u00f4me<\/h3>\n<p>\u00c9valuation <strong>en \u00e9tablissement de formation : EP1<\/strong><br \/>\nPartie commerciale<br \/>\nPartie juridique, \u00e9conomique, sociale<br \/>\n<strong>R\u00e9alisation d\u2019un dossier professionnel comprenant <\/strong><br \/>\n1 fiche : r\u00e9ceptionner, tenir les r\u00e9serves<br \/>\n1 fiche : maintenir l&rsquo;\u00e9tat marchand du rayon<br \/>\n1 fiche : sch\u00e9ma d\u2019implantation comment\u00e9<br \/>\n1 fiche : sur un th\u00e8me juridique et social<br \/>\n1 fiche : sur un th\u00e8me \u00e9conomique<br \/>\n1 fiche : point presse<\/p>\n<p><strong>\u00c9valuation en entreprise : EP2<br \/>\n<\/strong>Comp\u00e9tences professionnelles<br \/>\nAttitudes professionnelles<\/p>\n<p><strong>R\u00e9glementation d&rsquo;examen<\/strong><\/p>\n<table border=\"0\">\n<tbody>\n<tr>\n<td><strong>Epreuves<\/strong><\/td>\n<td><strong>Coefficient<\/strong><\/td>\n<\/tr>\n<tr>\n<td>EP1 Pratique de la r\u00e9ception des produits et de la tenue du lin\u00e9aire<\/td>\n<td>9<\/td>\n<\/tr>\n<tr>\n<td>EP2 Pratique de la tenue de caisse et de l\u2019information\u00a0 clients<\/td>\n<td>5<\/td>\n<\/tr>\n<tr>\n<td>EG1 Fran\u00e7ais histoire g\u00e9ographie<\/td>\n<td>3<\/td>\n<\/tr>\n<tr>\n<td>EG2 Math\u00e9matiques &#8211; sciences<\/td>\n<td>2<\/td>\n<\/tr>\n<tr>\n<td>EG3 EPS<\/td>\n<td>1<\/td>\n<\/tr>\n<\/tbody>\n<\/table>\n<p>\u00c9preuve facultative de langue vivante : oral de 20 minutes<br \/>\n(seuls les points au dessus de 10 sont pris en compte)L&rsquo;\u00e9l\u00e8ve est \u00e9valu\u00e9 durant sa formation, c&rsquo;est un Contr\u00f4le en Cours de Formation &#8211; CCF<\/p>\n<h3>Le m\u00e9tier<\/h3>\n<\/div>\n<p>Le titulaire d\u2019un CAP ECMS peut travailler dans tout type d\u2019unit\u00e9 commerciale, alimentaire ou non alimentaire.<\/p>\n<h3>les fonctions<\/h3>\n<p>H\u00f4te(esse) de caisse<br \/>\nEmploy\u00e9 de commerce<\/p>\n<h3>Son activit\u00e9<\/h3>\n<p>R\u00e9ceptionner les marchandises<br \/>\nParticiper \u00e0 l\u2019approvisionnement<br \/>\nOrienter le client<br \/>\nTenir la caisse<\/p>\n<\/div><\/section>\n","protected":false},"excerpt":{"rendered":"","protected":false},"author":836,"featured_media":0,"parent":0,"menu_order":0,"comment_status":"closed","ping_status":"closed","template":"","meta":{"footnotes":""},"class_list":["post-194","page","type-page","status-publish","hentry"],"_links":{"self":[{"href":"https:\/\/lyc-poincare-palaiseau.ac-versailles.fr\/index.php?rest_route=\/wp\/v2\/pages\/194","targetHints":{"allow":["GET"]}}],"collection":[{"href":"https:\/\/lyc-poincare-palaiseau.ac-versailles.fr\/index.php?rest_route=\/wp\/v2\/pages"}],"about":[{"href":"https:\/\/lyc-poincare-palaiseau.ac-versailles.fr\/index.php?rest_route=\/wp\/v2\/types\/page"}],"author":[{"embeddable":true,"href":"https:\/\/lyc-poincare-palaiseau.ac-versailles.fr\/index.php?rest_route=\/wp\/v2\/users\/836"}],"replies":[{"embeddable":true,"href":"https:\/\/lyc-poincare-palaiseau.ac-versailles.fr\/index.php?rest_route=%2Fwp%2Fv2%2Fcomments&post=194"}],"version-history":[{"count":7,"href":"https:\/\/lyc-poincare-palaiseau.ac-versailles.fr\/index.php?rest_route=\/wp\/v2\/pages\/194\/revisions"}],"predecessor-version":[{"id":7189,"href":"https:\/\/lyc-poincare-palaiseau.ac-versailles.fr\/index.php?rest_route=\/wp\/v2\/pages\/194\/revisions\/7189"}],"wp:attachment":[{"href":"https:\/\/lyc-poincare-palaiseau.ac-versailles.fr\/index.php?rest_route=%2Fwp%2Fv2%2Fmedia&parent=194"}],"curies":[{"name":"wp","href":"https:\/\/api.w.org\/{rel}","templated":true}]}}