{"id":173,"date":"2017-01-27T15:54:02","date_gmt":"2017-01-27T14:54:02","guid":{"rendered":"http:\/\/www.lyc-poincare-palaiseau.ac-versailles.fr\/?page_id=173"},"modified":"2017-11-23T13:40:14","modified_gmt":"2017-11-23T12:40:14","slug":"greta","status":"publish","type":"page","link":"https:\/\/lyc-poincare-palaiseau.ac-versailles.fr\/?page_id=173","title":{"rendered":"GRETA"},"content":{"rendered":"<div class='avia-image-container  av-styling-    avia-align-center '  itemscope=\"itemscope\" itemtype=\"https:\/\/schema.org\/ImageObject\"  ><div class='avia-image-container-inner'><a href='http:\/\/www.greta-essonne.fr\/5-accueil' class='avia_image'   target=\"_blank\" ><img class='avia_image ' src='https:\/\/lyc-poincare-palaiseau.ac-versailles.fr\/wp-content\/uploads\/sites\/143\/2017\/10\/Greta-e1509037662786.png' alt='' title='Greta'  itemprop=\"thumbnailUrl\"  \/><\/a><\/div><\/div>\n<div style='height:50px' class='hr hr-invisible  '><span class='hr-inner ' ><span class='hr-inner-style'><\/span><\/span><\/div>\n<section class=\"av_textblock_section \"  itemscope=\"itemscope\" itemtype=\"https:\/\/schema.org\/CreativeWork\" ><div class='avia_textblock  '   itemprop=\"text\" ><p><strong>La formation tout au long de la vie<\/strong><\/p>\n<p>Se former tout au long de la vie devient une n\u00e9cessit\u00e9 absolue pour accompagner les mutations \u00e9conomiques. Les m\u00e9tiers sont en perp\u00e9tuelle \u00e9volution et cela n\u00e9cessite de r\u00e9ajuster constamment ses connaissances et comp\u00e9tences professionnelles.<\/p>\n<p>La formation est une r\u00e9ponse pour :<br \/>\n\u2022 TROUVER un emploi<br \/>\n\u2022 GARDER son emploi<br \/>\n\u2022 EVOLUER dans son emploi<\/p>\n<p><strong>\u00a0Pourquoi se former ?<\/strong><br \/>\n\u2022 Pour obtenir un dipl\u00f4me ou une qualification reconnue<br \/>\n\u2022 Pour se professionnaliser<br \/>\n\u2022 Pour acqu\u00e9rir de nouvelles comp\u00e9tences<br \/>\n\u2022 Pour se reconvertir<br \/>\n\u2022 Pour cr\u00e9er son entreprise<\/p>\n<p><strong>\u00a0Avec qui se former ?<\/strong><br \/>\nLe GRETA DE L\u2019ESSONNE, Organisme de formation pour adultes de l\u2019Education Nationale, propose des formations dipl\u00f4mantes ou professionnalisantes dans des secteurs d\u2019activit\u00e9s tr\u00e8s vari\u00e9s. Il assure un accompagnement personnalis\u00e9 tout au long de la formation.<\/p>\n<p>Le Lyc\u00e9e Henri Poincar\u00e9 est adh\u00e9rent au GRETA DE L\u2019ESSONNE.<br \/>\nIl accueille dans ses locaux des adultes (demandeurs d\u2019emploi et\/ou salari\u00e9s) pour :<\/p>\n<p>\u2022 Assistante de Vie aux Familles (ADVF)<br \/>\n\u2022 DEAS\/DEAP<br \/>\n\u2022 CUI<\/p>\n<p><strong>Conseiller, former et accompagner<\/strong> sont les principales missions du GRETA DE L\u2019ESSONNE avec une \u00e9quipe investie de Conseillers en Formation Continue, de formateurs, de coordonnateurs p\u00e9dagogiques, de personnels administratifs et de chefs d\u2019\u00e9tablissement, tous professionnels de la formation.<\/p>\n<p>Tout l\u2019offre de formation sur : www.greta-essonne.fr<br \/>\n01 64 90 91 91 &#8211; greta.essonne@ac-versailles.fr<br \/>\nFacebook <a href=\"https:\/\/www.facebook.com\/gretadelessonne\/\">https:\/\/www.facebook.com\/gretadelessonne\/<\/a><\/p>\n<\/div><\/section>\n","protected":false},"excerpt":{"rendered":"","protected":false},"author":836,"featured_media":0,"parent":0,"menu_order":0,"comment_status":"closed","ping_status":"closed","template":"","meta":{"footnotes":""},"class_list":["post-173","page","type-page","status-publish","hentry"],"_links":{"self":[{"href":"https:\/\/lyc-poincare-palaiseau.ac-versailles.fr\/index.php?rest_route=\/wp\/v2\/pages\/173","targetHints":{"allow":["GET"]}}],"collection":[{"href":"https:\/\/lyc-poincare-palaiseau.ac-versailles.fr\/index.php?rest_route=\/wp\/v2\/pages"}],"about":[{"href":"https:\/\/lyc-poincare-palaiseau.ac-versailles.fr\/index.php?rest_route=\/wp\/v2\/types\/page"}],"author":[{"embeddable":true,"href":"https:\/\/lyc-poincare-palaiseau.ac-versailles.fr\/index.php?rest_route=\/wp\/v2\/users\/836"}],"replies":[{"embeddable":true,"href":"https:\/\/lyc-poincare-palaiseau.ac-versailles.fr\/index.php?rest_route=%2Fwp%2Fv2%2Fcomments&post=173"}],"version-history":[{"count":8,"href":"https:\/\/lyc-poincare-palaiseau.ac-versailles.fr\/index.php?rest_route=\/wp\/v2\/pages\/173\/revisions"}],"predecessor-version":[{"id":4475,"href":"https:\/\/lyc-poincare-palaiseau.ac-versailles.fr\/index.php?rest_route=\/wp\/v2\/pages\/173\/revisions\/4475"}],"wp:attachment":[{"href":"https:\/\/lyc-poincare-palaiseau.ac-versailles.fr\/index.php?rest_route=%2Fwp%2Fv2%2Fmedia&parent=173"}],"curies":[{"name":"wp","href":"https:\/\/api.w.org\/{rel}","templated":true}]}}